{"id":1000,"date":"2024-09-26T11:09:05","date_gmt":"2024-09-26T14:09:05","guid":{"rendered":"https:\/\/www.giralatina.com\/?page_id=1000"},"modified":"2024-09-26T12:20:49","modified_gmt":"2024-09-26T15:20:49","slug":"bolivia-lago-titicaca","status":"publish","type":"page","link":"https:\/\/www.giralatina.com\/en\/gira-latina\/bolivia-lago-titicaca\/","title":{"rendered":"Bolivia: Lago Titicaca"},"content":{"rendered":"<div data-elementor-type=\"wp-page\" data-elementor-id=\"1000\" class=\"elementor elementor-1000\" data-elementor-post-type=\"page\">\n\t\t\t\t<div class=\"elementor-element elementor-element-698ad65 e-flex e-con-boxed e-con e-parent\" data-id=\"698ad65\" data-element_type=\"container\" data-settings=\"{&quot;background_background&quot;:&quot;gradient&quot;}\">\n\t\t\t\t\t<div class=\"e-con-inner\">\n\t\t\t\t\t<\/div>\n\t\t\t\t<\/div>\n\t\t<div class=\"elementor-element elementor-element-7ff72f4 e-flex e-con-boxed e-con e-parent\" data-id=\"7ff72f4\" data-element_type=\"container\" data-settings=\"{&quot;background_background&quot;:&quot;classic&quot;}\">\n\t\t\t\t\t<div class=\"e-con-inner\">\n\t\t\t\t<div class=\"elementor-element elementor-element-7b26084 elementor-widget elementor-widget-spacer\" data-id=\"7b26084\" data-element_type=\"widget\" data-widget_type=\"spacer.default\">\n\t\t\t\t<div class=\"elementor-widget-container\">\n\t\t\t\t\t\t\t<div class=\"elementor-spacer\">\n\t\t\t<div class=\"elementor-spacer-inner\"><\/div>\n\t\t<\/div>\n\t\t\t\t\t\t<\/div>\n\t\t\t\t<\/div>\n\t\t<div class=\"elementor-element elementor-element-608dac5 e-con-full e-flex e-con e-child\" data-id=\"608dac5\" data-element_type=\"container\" data-settings=\"{&quot;background_background&quot;:&quot;classic&quot;}\">\n\t\t<div class=\"elementor-element elementor-element-00fb744 e-con-full e-flex e-con e-child\" data-id=\"00fb744\" data-element_type=\"container\">\n\t\t\t\t<div class=\"elementor-element elementor-element-789a797 elementor-widget elementor-widget-heading\" data-id=\"789a797\" data-element_type=\"widget\" data-widget_type=\"heading.default\">\n\t\t\t\t<div class=\"elementor-widget-container\">\n\t\t\t\t\t<h4 class=\"elementor-heading-title elementor-size-default\">The Shining Jewel of the Andes<\/h4>\t\t\t\t<\/div>\n\t\t\t\t<\/div>\n\t\t\t\t<div class=\"elementor-element elementor-element-6220834 elementor-widget elementor-widget-text-editor\" data-id=\"6220834\" data-element_type=\"widget\" data-widget_type=\"text-editor.default\">\n\t\t\t\t<div class=\"elementor-widget-container\">\n\t\t\t\t\t\t\t\t\t<p>Welcome to Copacabana, located on the shores of the majestic Lake Titicaca, in the heart of the Andes. This deep blue lake is the highest navigable lake in the world and one of South America's most sacred and mysterious places. Here, you can not only marvel at stunning landscapes but also feel the mystical energy of ancient Inca civilizations.<\/p>\t\t\t\t\t\t\t\t<\/div>\n\t\t\t\t<\/div>\n\t\t\t\t<\/div>\n\t\t\t\t<\/div>\n\t\t\t\t\t<\/div>\n\t\t\t\t<\/div>\n\t\t<div class=\"elementor-element elementor-element-ed563fd e-flex e-con-boxed e-con e-parent\" data-id=\"ed563fd\" data-element_type=\"container\" data-settings=\"{&quot;background_background&quot;:&quot;classic&quot;}\">\n\t\t\t\t\t<div class=\"e-con-inner\">\n\t\t<div class=\"elementor-element elementor-element-182aa04 e-con-full e-flex e-con e-child\" data-id=\"182aa04\" data-element_type=\"container\">\n\t\t\t\t<div class=\"elementor-element elementor-element-3ac151b elementor-widget elementor-widget-text-editor\" data-id=\"3ac151b\" data-element_type=\"widget\" data-widget_type=\"text-editor.default\">\n\t\t\t\t<div class=\"elementor-widget-container\">\n\t\t\t\t\t\t\t\t\tLake Titicaca is steeped in legend and is considered one of the birthplaces of Inca culture. From Copacabana, you can take a boat to the famous Isla del Sol (Island of the Sun), where you can explore ancient ruins and enjoy the peaceful surroundings. Copacabana is also a religious and cultural hub, home to the Basilica of Our Lady of Copacabana, a major pilgrimage site that attracts thousands of visitors and devotees annually.\t\t\t\t\t\t\t\t<\/div>\n\t\t\t\t<\/div>\n\t\t\t\t<div class=\"elementor-element elementor-element-80dd0b7 elementor-widget elementor-widget-image\" data-id=\"80dd0b7\" data-element_type=\"widget\" data-widget_type=\"image.default\">\n\t\t\t\t<div class=\"elementor-widget-container\">\n\t\t\t\t\t\t\t\t\t\t\t\t\t\t\t<img fetchpriority=\"high\" decoding=\"async\" width=\"768\" height=\"1024\" src=\"https:\/\/www.giralatina.com\/wp-content\/uploads\/2024\/09\/gira-bolivia-00030-768x1024.jpg\" class=\"attachment-large size-large wp-image-992\" alt=\"\" srcset=\"https:\/\/www.giralatina.com\/wp-content\/uploads\/2024\/09\/gira-bolivia-00030-768x1024.jpg 768w, https:\/\/www.giralatina.com\/wp-content\/uploads\/2024\/09\/gira-bolivia-00030-225x300.jpg 225w, https:\/\/www.giralatina.com\/wp-content\/uploads\/2024\/09\/gira-bolivia-00030-9x12.jpg 9w, https:\/\/www.giralatina.com\/wp-content\/uploads\/2024\/09\/gira-bolivia-00030.jpg 1080w\" sizes=\"(max-width: 768px) 100vw, 768px\" \/>\t\t\t\t\t\t\t\t\t\t\t\t\t\t\t<\/div>\n\t\t\t\t<\/div>\n\t\t\t\t<div class=\"elementor-element elementor-element-3050807 elementor-widget elementor-widget-image\" data-id=\"3050807\" data-element_type=\"widget\" data-widget_type=\"image.default\">\n\t\t\t\t<div class=\"elementor-widget-container\">\n\t\t\t\t\t\t\t\t\t\t\t\t\t\t\t<img decoding=\"async\" width=\"768\" height=\"1024\" src=\"https:\/\/www.giralatina.com\/wp-content\/uploads\/2024\/09\/gira-bolivia-00023-768x1024.jpg\" class=\"attachment-large size-large wp-image-1040\" alt=\"\" srcset=\"https:\/\/www.giralatina.com\/wp-content\/uploads\/2024\/09\/gira-bolivia-00023-768x1024.jpg 768w, https:\/\/www.giralatina.com\/wp-content\/uploads\/2024\/09\/gira-bolivia-00023-225x300.jpg 225w, https:\/\/www.giralatina.com\/wp-content\/uploads\/2024\/09\/gira-bolivia-00023-9x12.jpg 9w, https:\/\/www.giralatina.com\/wp-content\/uploads\/2024\/09\/gira-bolivia-00023.jpg 1080w\" sizes=\"(max-width: 768px) 100vw, 768px\" \/>\t\t\t\t\t\t\t\t\t\t\t\t\t\t\t<\/div>\n\t\t\t\t<\/div>\n\t\t\t\t<\/div>\n\t\t<div class=\"elementor-element elementor-element-af45fe8 e-con-full e-flex e-con e-child\" data-id=\"af45fe8\" data-element_type=\"container\">\n\t\t\t\t<div class=\"elementor-element elementor-element-bfdca60 elementor-widget elementor-widget-text-editor\" data-id=\"bfdca60\" data-element_type=\"widget\" data-widget_type=\"text-editor.default\">\n\t\t\t\t<div class=\"elementor-widget-container\">\n\t\t\t\t\t\t\t\t\tStroll along the lakeside, savor local cuisine, or join in the unique festivals that make Copacabana special. Whether you\u2019re drawn to the natural beauty or rich cultural history, Lake Titicaca will provide you with a journey filled with mystery and wonder.\t\t\t\t\t\t\t\t<\/div>\n\t\t\t\t<\/div>\n\t\t\t\t<div class=\"elementor-element elementor-element-4f076ac elementor-widget elementor-widget-image\" data-id=\"4f076ac\" data-element_type=\"widget\" data-widget_type=\"image.default\">\n\t\t\t\t<div class=\"elementor-widget-container\">\n\t\t\t\t\t\t\t\t\t\t\t\t\t\t\t<img decoding=\"async\" width=\"768\" height=\"1024\" src=\"https:\/\/www.giralatina.com\/wp-content\/uploads\/2024\/09\/gira-bolivia-00020-768x1024.jpg\" class=\"attachment-large size-large wp-image-1038\" alt=\"\" srcset=\"https:\/\/www.giralatina.com\/wp-content\/uploads\/2024\/09\/gira-bolivia-00020-768x1024.jpg 768w, https:\/\/www.giralatina.com\/wp-content\/uploads\/2024\/09\/gira-bolivia-00020-225x300.jpg 225w, https:\/\/www.giralatina.com\/wp-content\/uploads\/2024\/09\/gira-bolivia-00020-9x12.jpg 9w, https:\/\/www.giralatina.com\/wp-content\/uploads\/2024\/09\/gira-bolivia-00020.jpg 1080w\" sizes=\"(max-width: 768px) 100vw, 768px\" \/>\t\t\t\t\t\t\t\t\t\t\t\t\t\t\t<\/div>\n\t\t\t\t<\/div>\n\t\t\t\t<div class=\"elementor-element elementor-element-dd7bffe elementor-widget elementor-widget-image\" data-id=\"dd7bffe\" data-element_type=\"widget\" data-widget_type=\"image.default\">\n\t\t\t\t<div class=\"elementor-widget-container\">\n\t\t\t\t\t\t\t\t\t\t\t\t\t\t\t<img loading=\"lazy\" decoding=\"async\" width=\"800\" height=\"450\" src=\"https:\/\/www.giralatina.com\/wp-content\/uploads\/2024\/09\/gira-bolivia-00009-1024x576.jpg\" class=\"attachment-large size-large wp-image-1042\" alt=\"\" srcset=\"https:\/\/www.giralatina.com\/wp-content\/uploads\/2024\/09\/gira-bolivia-00009-1024x576.jpg 1024w, https:\/\/www.giralatina.com\/wp-content\/uploads\/2024\/09\/gira-bolivia-00009-300x169.jpg 300w, https:\/\/www.giralatina.com\/wp-content\/uploads\/2024\/09\/gira-bolivia-00009-768x432.jpg 768w, https:\/\/www.giralatina.com\/wp-content\/uploads\/2024\/09\/gira-bolivia-00009-1536x864.jpg 1536w, https:\/\/www.giralatina.com\/wp-content\/uploads\/2024\/09\/gira-bolivia-00009-18x10.jpg 18w, https:\/\/www.giralatina.com\/wp-content\/uploads\/2024\/09\/gira-bolivia-00009.jpg 1600w\" sizes=\"(max-width: 800px) 100vw, 800px\" \/>\t\t\t\t\t\t\t\t\t\t\t\t\t\t\t<\/div>\n\t\t\t\t<\/div>\n\t\t\t\t<\/div>\n\t\t\t\t\t<\/div>\n\t\t\t\t<\/div>\n\t\t\t\t<\/div>","protected":false},"excerpt":{"rendered":"<p>La Joya Brillante de los Andes Bienvenido a Copacabana, a orillas del majestuoso Lago Titicaca, en el coraz\u00f3n de los Andes. Este lago de aguas azules profundas es el lago navegable m\u00e1s alto del mundo y uno de los lugares m\u00e1s sagrados y enigm\u00e1ticos de Sudam\u00e9rica. Aqu\u00ed no solo disfrutar\u00e1s de paisajes impresionantes, sino que [&hellip;]<\/p>","protected":false},"author":1,"featured_media":0,"parent":141,"menu_order":0,"comment_status":"closed","ping_status":"closed","template":"","meta":{"footnotes":""},"class_list":["post-1000","page","type-page","status-publish","hentry"],"_links":{"self":[{"href":"https:\/\/www.giralatina.com\/en\/wp-json\/wp\/v2\/pages\/1000","targetHints":{"allow":["GET"]}}],"collection":[{"href":"https:\/\/www.giralatina.com\/en\/wp-json\/wp\/v2\/pages"}],"about":[{"href":"https:\/\/www.giralatina.com\/en\/wp-json\/wp\/v2\/types\/page"}],"author":[{"embeddable":true,"href":"https:\/\/www.giralatina.com\/en\/wp-json\/wp\/v2\/users\/1"}],"replies":[{"embeddable":true,"href":"https:\/\/www.giralatina.com\/en\/wp-json\/wp\/v2\/comments?post=1000"}],"version-history":[{"count":0,"href":"https:\/\/www.giralatina.com\/en\/wp-json\/wp\/v2\/pages\/1000\/revisions"}],"up":[{"embeddable":true,"href":"https:\/\/www.giralatina.com\/en\/wp-json\/wp\/v2\/pages\/141"}],"wp:attachment":[{"href":"https:\/\/www.giralatina.com\/en\/wp-json\/wp\/v2\/media?parent=1000"}],"curies":[{"name":"wp","href":"https:\/\/api.w.org\/{rel}","templated":true}]}}