{"id":1004,"date":"2024-09-26T11:10:38","date_gmt":"2024-09-26T14:10:38","guid":{"rendered":"https:\/\/www.giralatina.com\/?page_id=1004"},"modified":"2024-09-26T12:27:16","modified_gmt":"2024-09-26T15:27:16","slug":"bolivia-salar-de-uyuni","status":"publish","type":"page","link":"https:\/\/www.giralatina.com\/en\/gira-latina\/bolivia-salar-de-uyuni\/","title":{"rendered":"Bolivia: Salar de Uyuni"},"content":{"rendered":"<div data-elementor-type=\"wp-page\" data-elementor-id=\"1004\" class=\"elementor elementor-1004\" data-elementor-post-type=\"page\">\n\t\t\t\t<div class=\"elementor-element elementor-element-b5dc7e6 e-flex e-con-boxed e-con e-parent\" data-id=\"b5dc7e6\" data-element_type=\"container\" data-settings=\"{&quot;background_background&quot;:&quot;gradient&quot;}\">\n\t\t\t\t\t<div class=\"e-con-inner\">\n\t\t\t\t\t<\/div>\n\t\t\t\t<\/div>\n\t\t<div class=\"elementor-element elementor-element-d1e0a67 e-flex e-con-boxed e-con e-parent\" data-id=\"d1e0a67\" data-element_type=\"container\" data-settings=\"{&quot;background_background&quot;:&quot;classic&quot;}\">\n\t\t\t\t\t<div class=\"e-con-inner\">\n\t\t\t\t<div class=\"elementor-element elementor-element-ec82bf0 elementor-widget elementor-widget-spacer\" data-id=\"ec82bf0\" data-element_type=\"widget\" data-widget_type=\"spacer.default\">\n\t\t\t\t<div class=\"elementor-widget-container\">\n\t\t\t\t\t\t\t<div class=\"elementor-spacer\">\n\t\t\t<div class=\"elementor-spacer-inner\"><\/div>\n\t\t<\/div>\n\t\t\t\t\t\t<\/div>\n\t\t\t\t<\/div>\n\t\t<div class=\"elementor-element elementor-element-5741c52 e-con-full e-flex e-con e-child\" data-id=\"5741c52\" data-element_type=\"container\" data-settings=\"{&quot;background_background&quot;:&quot;classic&quot;}\">\n\t\t<div class=\"elementor-element elementor-element-f9c2400 e-con-full e-flex e-con e-child\" data-id=\"f9c2400\" data-element_type=\"container\">\n\t\t\t\t<div class=\"elementor-element elementor-element-3cb5ae5 elementor-widget elementor-widget-heading\" data-id=\"3cb5ae5\" data-element_type=\"widget\" data-widget_type=\"heading.default\">\n\t\t\t\t<div class=\"elementor-widget-container\">\n\t\t\t\t\t<h4 class=\"elementor-heading-title elementor-size-default\">Discover the Mirror of the Sky<\/h4>\t\t\t\t<\/div>\n\t\t\t\t<\/div>\n\t\t\t\t<div class=\"elementor-element elementor-element-46f4917 elementor-widget elementor-widget-text-editor\" data-id=\"46f4917\" data-element_type=\"widget\" data-widget_type=\"text-editor.default\">\n\t\t\t\t<div class=\"elementor-widget-container\">\n\t\t\t\t\t\t\t\t\tWelcome to the Uyuni Salt Flats, the largest salt flat in the world and one of the most magical natural wonders on Earth. Here, the sky and land merge into an endless mirror, creating a surreal visual illusion that transports you to a dreamlike landscape. The Uyuni Salt Flats are a photographer\u2019s paradise and a must-visit for adventurers seeking a truly unique experience.\t\t\t\t\t\t\t\t<\/div>\n\t\t\t\t<\/div>\n\t\t\t\t<\/div>\n\t\t\t\t<\/div>\n\t\t\t\t\t<\/div>\n\t\t\t\t<\/div>\n\t\t<div class=\"elementor-element elementor-element-d922818 e-flex e-con-boxed e-con e-parent\" data-id=\"d922818\" data-element_type=\"container\" data-settings=\"{&quot;background_background&quot;:&quot;classic&quot;}\">\n\t\t\t\t\t<div class=\"e-con-inner\">\n\t\t<div class=\"elementor-element elementor-element-2465b7e e-con-full e-flex e-con e-child\" data-id=\"2465b7e\" data-element_type=\"container\">\n\t\t\t\t<div class=\"elementor-element elementor-element-82a80f1 elementor-widget elementor-widget-text-editor\" data-id=\"82a80f1\" data-element_type=\"widget\" data-widget_type=\"text-editor.default\">\n\t\t\t\t<div class=\"elementor-widget-container\">\n\t\t\t\t\t\t\t\t\tDuring the rainy season, a thin layer of water covers the salt, creating a perfect mirror that reflects the vast sky and surrounding mountains. You can walk across this \"mirror of the sky,\" feeling as if you\u2019re floating among the clouds. In the dry season, the crystallized salt formations create stunning geometric patterns, offering a different but equally mesmerizing view.\t\t\t\t\t\t\t\t<\/div>\n\t\t\t\t<\/div>\n\t\t\t\t<div class=\"elementor-element elementor-element-668baa2 elementor-widget elementor-widget-image\" data-id=\"668baa2\" data-element_type=\"widget\" data-widget_type=\"image.default\">\n\t\t\t\t<div class=\"elementor-widget-container\">\n\t\t\t\t\t\t\t\t\t\t\t\t\t\t\t<img fetchpriority=\"high\" decoding=\"async\" width=\"768\" height=\"1024\" src=\"https:\/\/www.giralatina.com\/wp-content\/uploads\/2024\/09\/gira-bolivia-00026-768x1024.jpg\" class=\"attachment-large size-large wp-image-1047\" alt=\"\" srcset=\"https:\/\/www.giralatina.com\/wp-content\/uploads\/2024\/09\/gira-bolivia-00026-768x1024.jpg 768w, https:\/\/www.giralatina.com\/wp-content\/uploads\/2024\/09\/gira-bolivia-00026-225x300.jpg 225w, https:\/\/www.giralatina.com\/wp-content\/uploads\/2024\/09\/gira-bolivia-00026-9x12.jpg 9w, https:\/\/www.giralatina.com\/wp-content\/uploads\/2024\/09\/gira-bolivia-00026.jpg 1080w\" sizes=\"(max-width: 768px) 100vw, 768px\" \/>\t\t\t\t\t\t\t\t\t\t\t\t\t\t\t<\/div>\n\t\t\t\t<\/div>\n\t\t\t\t<div class=\"elementor-element elementor-element-6c818d5 elementor-widget elementor-widget-image\" data-id=\"6c818d5\" data-element_type=\"widget\" data-widget_type=\"image.default\">\n\t\t\t\t<div class=\"elementor-widget-container\">\n\t\t\t\t\t\t\t\t\t\t\t\t\t\t\t<img decoding=\"async\" width=\"768\" height=\"1024\" src=\"https:\/\/www.giralatina.com\/wp-content\/uploads\/2024\/09\/gira-bolivia-00015-768x1024.jpg\" class=\"attachment-large size-large wp-image-1049\" alt=\"\" srcset=\"https:\/\/www.giralatina.com\/wp-content\/uploads\/2024\/09\/gira-bolivia-00015-768x1024.jpg 768w, https:\/\/www.giralatina.com\/wp-content\/uploads\/2024\/09\/gira-bolivia-00015-225x300.jpg 225w, https:\/\/www.giralatina.com\/wp-content\/uploads\/2024\/09\/gira-bolivia-00015-9x12.jpg 9w, https:\/\/www.giralatina.com\/wp-content\/uploads\/2024\/09\/gira-bolivia-00015.jpg 1080w\" sizes=\"(max-width: 768px) 100vw, 768px\" \/>\t\t\t\t\t\t\t\t\t\t\t\t\t\t\t<\/div>\n\t\t\t\t<\/div>\n\t\t\t\t<\/div>\n\t\t<div class=\"elementor-element elementor-element-d8893af e-con-full e-flex e-con e-child\" data-id=\"d8893af\" data-element_type=\"container\">\n\t\t\t\t<div class=\"elementor-element elementor-element-9cbd534 elementor-widget elementor-widget-text-editor\" data-id=\"9cbd534\" data-element_type=\"widget\" data-widget_type=\"text-editor.default\">\n\t\t\t\t<div class=\"elementor-widget-container\">\n\t\t\t\t\t\t\t\t\tBeyond its breathtaking scenery, the Uyuni Salt Flats are a gateway to history and culture. Explore the Train Cemetery, salt hotels, and the surrounding rainbow-colored mountains that add to the surreal beauty of this destination. The Uyuni Salt Flats are not just a place to visit\u2014they are a place to marvel at the extraordinary beauty of our planet.\t\t\t\t\t\t\t\t<\/div>\n\t\t\t\t<\/div>\n\t\t\t\t<div class=\"elementor-element elementor-element-38f43e7 elementor-widget elementor-widget-image\" data-id=\"38f43e7\" data-element_type=\"widget\" data-widget_type=\"image.default\">\n\t\t\t\t<div class=\"elementor-widget-container\">\n\t\t\t\t\t\t\t\t\t\t\t\t\t\t\t<img decoding=\"async\" width=\"768\" height=\"1024\" src=\"https:\/\/www.giralatina.com\/wp-content\/uploads\/2024\/09\/gira-bolivia-00010-768x1024.jpg\" class=\"attachment-large size-large wp-image-1048\" alt=\"\" srcset=\"https:\/\/www.giralatina.com\/wp-content\/uploads\/2024\/09\/gira-bolivia-00010-768x1024.jpg 768w, https:\/\/www.giralatina.com\/wp-content\/uploads\/2024\/09\/gira-bolivia-00010-225x300.jpg 225w, https:\/\/www.giralatina.com\/wp-content\/uploads\/2024\/09\/gira-bolivia-00010-9x12.jpg 9w, https:\/\/www.giralatina.com\/wp-content\/uploads\/2024\/09\/gira-bolivia-00010.jpg 1080w\" sizes=\"(max-width: 768px) 100vw, 768px\" \/>\t\t\t\t\t\t\t\t\t\t\t\t\t\t\t<\/div>\n\t\t\t\t<\/div>\n\t\t\t\t<div class=\"elementor-element elementor-element-fed3c20 elementor-widget elementor-widget-image\" data-id=\"fed3c20\" data-element_type=\"widget\" data-widget_type=\"image.default\">\n\t\t\t\t<div class=\"elementor-widget-container\">\n\t\t\t\t\t\t\t\t\t\t\t\t\t\t\t<img loading=\"lazy\" decoding=\"async\" width=\"800\" height=\"532\" src=\"https:\/\/www.giralatina.com\/wp-content\/uploads\/2024\/09\/gira-bolivia-00024-1024x681.jpg\" class=\"attachment-large size-large wp-image-1050\" alt=\"\" srcset=\"https:\/\/www.giralatina.com\/wp-content\/uploads\/2024\/09\/gira-bolivia-00024-1024x681.jpg 1024w, https:\/\/www.giralatina.com\/wp-content\/uploads\/2024\/09\/gira-bolivia-00024-300x199.jpg 300w, https:\/\/www.giralatina.com\/wp-content\/uploads\/2024\/09\/gira-bolivia-00024-768x511.jpg 768w, https:\/\/www.giralatina.com\/wp-content\/uploads\/2024\/09\/gira-bolivia-00024-18x12.jpg 18w, https:\/\/www.giralatina.com\/wp-content\/uploads\/2024\/09\/gira-bolivia-00024.jpg 1080w\" sizes=\"(max-width: 800px) 100vw, 800px\" \/>\t\t\t\t\t\t\t\t\t\t\t\t\t\t\t<\/div>\n\t\t\t\t<\/div>\n\t\t\t\t<\/div>\n\t\t\t\t\t<\/div>\n\t\t\t\t<\/div>\n\t\t\t\t<\/div>","protected":false},"excerpt":{"rendered":"<p>Descubre el Espejo del Cielo Bienvenido al Salar de Uyuni, el salar m\u00e1s grande del mundo y uno de los fen\u00f3menos naturales m\u00e1s impresionantes del planeta. Aqu\u00ed, el cielo y la tierra se fusionan en un espejo infinito, creando una ilusi\u00f3n visual que te transporta a un paisaje de ensue\u00f1o. El Salar de Uyuni es [&hellip;]<\/p>","protected":false},"author":1,"featured_media":0,"parent":141,"menu_order":0,"comment_status":"closed","ping_status":"closed","template":"","meta":{"footnotes":""},"class_list":["post-1004","page","type-page","status-publish","hentry"],"_links":{"self":[{"href":"https:\/\/www.giralatina.com\/en\/wp-json\/wp\/v2\/pages\/1004","targetHints":{"allow":["GET"]}}],"collection":[{"href":"https:\/\/www.giralatina.com\/en\/wp-json\/wp\/v2\/pages"}],"about":[{"href":"https:\/\/www.giralatina.com\/en\/wp-json\/wp\/v2\/types\/page"}],"author":[{"embeddable":true,"href":"https:\/\/www.giralatina.com\/en\/wp-json\/wp\/v2\/users\/1"}],"replies":[{"embeddable":true,"href":"https:\/\/www.giralatina.com\/en\/wp-json\/wp\/v2\/comments?post=1004"}],"version-history":[{"count":0,"href":"https:\/\/www.giralatina.com\/en\/wp-json\/wp\/v2\/pages\/1004\/revisions"}],"up":[{"embeddable":true,"href":"https:\/\/www.giralatina.com\/en\/wp-json\/wp\/v2\/pages\/141"}],"wp:attachment":[{"href":"https:\/\/www.giralatina.com\/en\/wp-json\/wp\/v2\/media?parent=1004"}],"curies":[{"name":"wp","href":"https:\/\/api.w.org\/{rel}","templated":true}]}}