{"id":1000,"date":"2024-09-26T11:09:05","date_gmt":"2024-09-26T14:09:05","guid":{"rendered":"https:\/\/www.giralatina.com\/?page_id=1000"},"modified":"2024-09-26T12:20:49","modified_gmt":"2024-09-26T15:20:49","slug":"bolivia-lago-titicaca","status":"publish","type":"page","link":"https:\/\/www.giralatina.com\/zh\/gira-latina\/bolivia-lago-titicaca\/","title":{"rendered":"\u73bb\u5229\u7ef4\u4e9a\uff1a\u7684\u5580\u5580\u6e56"},"content":{"rendered":"<div data-elementor-type=\"wp-page\" data-elementor-id=\"1000\" class=\"elementor elementor-1000\" data-elementor-post-type=\"page\">\n\t\t\t\t<div class=\"elementor-element elementor-element-698ad65 e-flex e-con-boxed e-con e-parent\" data-id=\"698ad65\" data-element_type=\"container\" data-settings=\"{&quot;background_background&quot;:&quot;gradient&quot;}\">\n\t\t\t\t\t<div class=\"e-con-inner\">\n\t\t\t\t\t<\/div>\n\t\t\t\t<\/div>\n\t\t<div class=\"elementor-element elementor-element-7ff72f4 e-flex e-con-boxed e-con e-parent\" data-id=\"7ff72f4\" data-element_type=\"container\" data-settings=\"{&quot;background_background&quot;:&quot;classic&quot;}\">\n\t\t\t\t\t<div class=\"e-con-inner\">\n\t\t\t\t<div class=\"elementor-element elementor-element-7b26084 elementor-widget elementor-widget-spacer\" data-id=\"7b26084\" data-element_type=\"widget\" data-widget_type=\"spacer.default\">\n\t\t\t\t<div class=\"elementor-widget-container\">\n\t\t\t\t\t\t\t<div class=\"elementor-spacer\">\n\t\t\t<div class=\"elementor-spacer-inner\"><\/div>\n\t\t<\/div>\n\t\t\t\t\t\t<\/div>\n\t\t\t\t<\/div>\n\t\t<div class=\"elementor-element elementor-element-608dac5 e-con-full e-flex e-con e-child\" data-id=\"608dac5\" data-element_type=\"container\" data-settings=\"{&quot;background_background&quot;:&quot;classic&quot;}\">\n\t\t<div class=\"elementor-element elementor-element-00fb744 e-con-full e-flex e-con e-child\" data-id=\"00fb744\" data-element_type=\"container\">\n\t\t\t\t<div class=\"elementor-element elementor-element-789a797 elementor-widget elementor-widget-heading\" data-id=\"789a797\" data-element_type=\"widget\" data-widget_type=\"heading.default\">\n\t\t\t\t<div class=\"elementor-widget-container\">\n\t\t\t\t\t<h4 class=\"elementor-heading-title elementor-size-default\">\u63a2\u7d22\u79d1\u5e15\u5361\u5df4\u7eb3\u7684\u7684\u5580\u5580\u6e56\u2014\u2014\u5b89\u7b2c\u65af\u7684\u7480\u74a8\u660e\u73e0<\/h4>\t\t\t\t<\/div>\n\t\t\t\t<\/div>\n\t\t\t\t<div class=\"elementor-element elementor-element-6220834 elementor-widget elementor-widget-text-editor\" data-id=\"6220834\" data-element_type=\"widget\" data-widget_type=\"text-editor.default\">\n\t\t\t\t<div class=\"elementor-widget-container\">\n\t\t\t\t\t\t\t\t\t<p>\u6b22\u8fce\u6765\u5230\u79d1\u5e15\u5361\u5df4\u7eb3\uff0c\u4f4d\u4e8e\u5b89\u7b2c\u65af\u5c71\u8109\u5fc3\u810f\u5730\u5e26\u7684\u7684\u5580\u5580\u6e56\u7554\u3002\u8fd9\u7247\u6df1\u84dd\u8272\u7684\u6e56\u6c34\u662f\u4e16\u754c\u4e0a\u6d77\u62d4\u6700\u9ad8\u7684\u53ef\u822a\u884c\u6e56\u6cca\uff0c\u4e5f\u662f\u5357\u7f8e\u6700\u795e\u79d8\u3001\u6700\u795e\u5723\u7684\u5730\u65b9\u4e4b\u4e00\u3002\u5728\u8fd9\u91cc\uff0c\u4f60\u4e0d\u4ec5\u53ef\u4ee5\u6b23\u8d4f\u5230\u6e56\u5149\u5c71\u8272\u7684\u58ee\u4e3d\u666f\u89c2\uff0c\u8fd8\u53ef\u4ee5\u611f\u53d7\u5230\u5370\u52a0\u6587\u660e\u7684\u795e\u79d8\u529b\u91cf\u3002<\/p>\t\t\t\t\t\t\t\t<\/div>\n\t\t\t\t<\/div>\n\t\t\t\t<\/div>\n\t\t\t\t<\/div>\n\t\t\t\t\t<\/div>\n\t\t\t\t<\/div>\n\t\t<div class=\"elementor-element elementor-element-ed563fd e-flex e-con-boxed e-con e-parent\" data-id=\"ed563fd\" data-element_type=\"container\" data-settings=\"{&quot;background_background&quot;:&quot;classic&quot;}\">\n\t\t\t\t\t<div class=\"e-con-inner\">\n\t\t<div class=\"elementor-element elementor-element-182aa04 e-con-full e-flex e-con e-child\" data-id=\"182aa04\" data-element_type=\"container\">\n\t\t\t\t<div class=\"elementor-element elementor-element-3ac151b elementor-widget elementor-widget-text-editor\" data-id=\"3ac151b\" data-element_type=\"widget\" data-widget_type=\"text-editor.default\">\n\t\t\t\t<div class=\"elementor-widget-container\">\n\t\t\t\t\t\t\t\t\t\u7684\u7684\u5580\u5580\u6e56\u627f\u8f7d\u7740\u65e0\u6570\u53e4\u8001\u7684\u4f20\u8bf4\uff0c\u662f\u5370\u52a0\u6587\u5316\u7684\u53d1\u6e90\u5730\u4e4b\u4e00\u3002\u4f60\u53ef\u4ee5\u4e58\u8239\u524d\u5f80\u8457\u540d\u7684\u592a\u9633\u5c9b\uff08Isla del Sol\uff09\uff0c\u63a2\u7d22\u53e4\u8001\u7684\u9057\u5740\uff0c\u4eab\u53d7\u5b89\u9759\u7965\u548c\u7684\u6c1b\u56f4\u3002\u79d1\u5e15\u5361\u5df4\u7eb3\u4e5f\u662f\u5b97\u6559\u548c\u6587\u5316\u7684\u4e2d\u5fc3\uff0c\u79d1\u5e15\u5361\u5df4\u7eb3\u5927\u6559\u5802\u662f\u5f53\u5730\u4e00\u5ea7\u91cd\u8981\u7684\u671d\u5723\u5730\uff0c\u6bcf\u5e74\u5438\u5f15\u7740\u6210\u5343\u4e0a\u4e07\u7684\u6e38\u5ba2\u548c\u4fe1\u5f92\u3002\t\t\t\t\t\t\t\t<\/div>\n\t\t\t\t<\/div>\n\t\t\t\t<div class=\"elementor-element elementor-element-80dd0b7 elementor-widget elementor-widget-image\" data-id=\"80dd0b7\" data-element_type=\"widget\" data-widget_type=\"image.default\">\n\t\t\t\t<div class=\"elementor-widget-container\">\n\t\t\t\t\t\t\t\t\t\t\t\t\t\t\t<img fetchpriority=\"high\" decoding=\"async\" width=\"768\" height=\"1024\" src=\"https:\/\/www.giralatina.com\/wp-content\/uploads\/2024\/09\/gira-bolivia-00030-768x1024.jpg\" class=\"attachment-large size-large wp-image-992\" alt=\"\" srcset=\"https:\/\/www.giralatina.com\/wp-content\/uploads\/2024\/09\/gira-bolivia-00030-768x1024.jpg 768w, https:\/\/www.giralatina.com\/wp-content\/uploads\/2024\/09\/gira-bolivia-00030-225x300.jpg 225w, https:\/\/www.giralatina.com\/wp-content\/uploads\/2024\/09\/gira-bolivia-00030-9x12.jpg 9w, https:\/\/www.giralatina.com\/wp-content\/uploads\/2024\/09\/gira-bolivia-00030.jpg 1080w\" sizes=\"(max-width: 768px) 100vw, 768px\" \/>\t\t\t\t\t\t\t\t\t\t\t\t\t\t\t<\/div>\n\t\t\t\t<\/div>\n\t\t\t\t<div class=\"elementor-element elementor-element-3050807 elementor-widget elementor-widget-image\" data-id=\"3050807\" data-element_type=\"widget\" data-widget_type=\"image.default\">\n\t\t\t\t<div class=\"elementor-widget-container\">\n\t\t\t\t\t\t\t\t\t\t\t\t\t\t\t<img decoding=\"async\" width=\"768\" height=\"1024\" src=\"https:\/\/www.giralatina.com\/wp-content\/uploads\/2024\/09\/gira-bolivia-00023-768x1024.jpg\" class=\"attachment-large size-large wp-image-1040\" alt=\"\" srcset=\"https:\/\/www.giralatina.com\/wp-content\/uploads\/2024\/09\/gira-bolivia-00023-768x1024.jpg 768w, https:\/\/www.giralatina.com\/wp-content\/uploads\/2024\/09\/gira-bolivia-00023-225x300.jpg 225w, https:\/\/www.giralatina.com\/wp-content\/uploads\/2024\/09\/gira-bolivia-00023-9x12.jpg 9w, https:\/\/www.giralatina.com\/wp-content\/uploads\/2024\/09\/gira-bolivia-00023.jpg 1080w\" sizes=\"(max-width: 768px) 100vw, 768px\" \/>\t\t\t\t\t\t\t\t\t\t\t\t\t\t\t<\/div>\n\t\t\t\t<\/div>\n\t\t\t\t<\/div>\n\t\t<div class=\"elementor-element elementor-element-af45fe8 e-con-full e-flex e-con e-child\" data-id=\"af45fe8\" data-element_type=\"container\">\n\t\t\t\t<div class=\"elementor-element elementor-element-bfdca60 elementor-widget elementor-widget-text-editor\" data-id=\"bfdca60\" data-element_type=\"widget\" data-widget_type=\"text-editor.default\">\n\t\t\t\t<div class=\"elementor-widget-container\">\n\t\t\t\t\t\t\t\t\t\u5728\u79d1\u5e15\u5361\u5df4\u7eb3\uff0c\u6f2b\u6b65\u4e8e\u6e56\u8fb9\uff0c\u54c1\u5c1d\u5f53\u5730\u7279\u8272\u7f8e\u98df\uff0c\u6216\u53c2\u4e0e\u72ec\u7279\u7684\u8282\u5e86\u6d3b\u52a8\uff0c\u90fd\u662f\u4e0d\u53ef\u9519\u8fc7\u7684\u4f53\u9a8c\u3002\u65e0\u8bba\u4f60\u662f\u4e3a\u4e86\u63a2\u7d22\u81ea\u7136\u7f8e\u666f\uff0c\u8fd8\u662f\u8ffd\u5bfb\u6587\u5316\u4e0e\u5386\u53f2\uff0c\u7684\u7684\u5580\u5580\u6e56\u90fd\u4f1a\u4e3a\u4f60\u5e26\u6765\u4e00\u6bb5\u5145\u6ee1\u795e\u79d8\u4e0e\u60ca\u559c\u7684\u65c5\u7a0b\u3002\t\t\t\t\t\t\t\t<\/div>\n\t\t\t\t<\/div>\n\t\t\t\t<div class=\"elementor-element elementor-element-4f076ac elementor-widget elementor-widget-image\" data-id=\"4f076ac\" data-element_type=\"widget\" data-widget_type=\"image.default\">\n\t\t\t\t<div class=\"elementor-widget-container\">\n\t\t\t\t\t\t\t\t\t\t\t\t\t\t\t<img decoding=\"async\" width=\"768\" height=\"1024\" src=\"https:\/\/www.giralatina.com\/wp-content\/uploads\/2024\/09\/gira-bolivia-00020-768x1024.jpg\" class=\"attachment-large size-large wp-image-1038\" alt=\"\" srcset=\"https:\/\/www.giralatina.com\/wp-content\/uploads\/2024\/09\/gira-bolivia-00020-768x1024.jpg 768w, https:\/\/www.giralatina.com\/wp-content\/uploads\/2024\/09\/gira-bolivia-00020-225x300.jpg 225w, https:\/\/www.giralatina.com\/wp-content\/uploads\/2024\/09\/gira-bolivia-00020-9x12.jpg 9w, https:\/\/www.giralatina.com\/wp-content\/uploads\/2024\/09\/gira-bolivia-00020.jpg 1080w\" sizes=\"(max-width: 768px) 100vw, 768px\" \/>\t\t\t\t\t\t\t\t\t\t\t\t\t\t\t<\/div>\n\t\t\t\t<\/div>\n\t\t\t\t<div class=\"elementor-element elementor-element-dd7bffe elementor-widget elementor-widget-image\" data-id=\"dd7bffe\" data-element_type=\"widget\" data-widget_type=\"image.default\">\n\t\t\t\t<div class=\"elementor-widget-container\">\n\t\t\t\t\t\t\t\t\t\t\t\t\t\t\t<img loading=\"lazy\" decoding=\"async\" width=\"800\" height=\"450\" src=\"https:\/\/www.giralatina.com\/wp-content\/uploads\/2024\/09\/gira-bolivia-00009-1024x576.jpg\" class=\"attachment-large size-large wp-image-1042\" alt=\"\" srcset=\"https:\/\/www.giralatina.com\/wp-content\/uploads\/2024\/09\/gira-bolivia-00009-1024x576.jpg 1024w, https:\/\/www.giralatina.com\/wp-content\/uploads\/2024\/09\/gira-bolivia-00009-300x169.jpg 300w, https:\/\/www.giralatina.com\/wp-content\/uploads\/2024\/09\/gira-bolivia-00009-768x432.jpg 768w, https:\/\/www.giralatina.com\/wp-content\/uploads\/2024\/09\/gira-bolivia-00009-1536x864.jpg 1536w, https:\/\/www.giralatina.com\/wp-content\/uploads\/2024\/09\/gira-bolivia-00009-18x10.jpg 18w, https:\/\/www.giralatina.com\/wp-content\/uploads\/2024\/09\/gira-bolivia-00009.jpg 1600w\" sizes=\"(max-width: 800px) 100vw, 800px\" \/>\t\t\t\t\t\t\t\t\t\t\t\t\t\t\t<\/div>\n\t\t\t\t<\/div>\n\t\t\t\t<\/div>\n\t\t\t\t\t<\/div>\n\t\t\t\t<\/div>\n\t\t\t\t<\/div>","protected":false},"excerpt":{"rendered":"<p>La Joya Brillante de los Andes Bienvenido a Copacabana, a orillas del majestuoso Lago Titicaca, en el coraz\u00f3n de los Andes. Este lago de aguas azules profundas es el lago navegable m\u00e1s alto del mundo y uno de los lugares m\u00e1s sagrados y enigm\u00e1ticos de Sudam\u00e9rica. Aqu\u00ed no solo disfrutar\u00e1s de paisajes impresionantes, sino que [&hellip;]<\/p>","protected":false},"author":1,"featured_media":0,"parent":141,"menu_order":0,"comment_status":"closed","ping_status":"closed","template":"","meta":{"footnotes":""},"class_list":["post-1000","page","type-page","status-publish","hentry"],"_links":{"self":[{"href":"https:\/\/www.giralatina.com\/zh\/wp-json\/wp\/v2\/pages\/1000","targetHints":{"allow":["GET"]}}],"collection":[{"href":"https:\/\/www.giralatina.com\/zh\/wp-json\/wp\/v2\/pages"}],"about":[{"href":"https:\/\/www.giralatina.com\/zh\/wp-json\/wp\/v2\/types\/page"}],"author":[{"embeddable":true,"href":"https:\/\/www.giralatina.com\/zh\/wp-json\/wp\/v2\/users\/1"}],"replies":[{"embeddable":true,"href":"https:\/\/www.giralatina.com\/zh\/wp-json\/wp\/v2\/comments?post=1000"}],"version-history":[{"count":0,"href":"https:\/\/www.giralatina.com\/zh\/wp-json\/wp\/v2\/pages\/1000\/revisions"}],"up":[{"embeddable":true,"href":"https:\/\/www.giralatina.com\/zh\/wp-json\/wp\/v2\/pages\/141"}],"wp:attachment":[{"href":"https:\/\/www.giralatina.com\/zh\/wp-json\/wp\/v2\/media?parent=1000"}],"curies":[{"name":"wp","href":"https:\/\/api.w.org\/{rel}","templated":true}]}}