{"id":1002,"date":"2024-09-26T11:10:06","date_gmt":"2024-09-26T14:10:06","guid":{"rendered":"https:\/\/www.giralatina.com\/?page_id=1002"},"modified":"2024-09-26T12:32:04","modified_gmt":"2024-09-26T15:32:04","slug":"bolivia-santa-cruz","status":"publish","type":"page","link":"https:\/\/www.giralatina.com\/zh\/gira-latina\/bolivia-santa-cruz\/","title":{"rendered":"\u73bb\u5229\u7ef4\u4e9a\uff1a\u5723\u514b\u9c81\u65af"},"content":{"rendered":"<div data-elementor-type=\"wp-page\" data-elementor-id=\"1002\" class=\"elementor elementor-1002\" data-elementor-post-type=\"page\">\n\t\t\t\t<div class=\"elementor-element elementor-element-9ff10e4 e-flex e-con-boxed e-con e-parent\" data-id=\"9ff10e4\" data-element_type=\"container\" data-settings=\"{&quot;background_background&quot;:&quot;gradient&quot;}\">\n\t\t\t\t\t<div class=\"e-con-inner\">\n\t\t\t\t\t<\/div>\n\t\t\t\t<\/div>\n\t\t<div class=\"elementor-element elementor-element-49257c8 e-flex e-con-boxed e-con e-parent\" data-id=\"49257c8\" data-element_type=\"container\" data-settings=\"{&quot;background_background&quot;:&quot;classic&quot;}\">\n\t\t\t\t\t<div class=\"e-con-inner\">\n\t\t\t\t<div class=\"elementor-element elementor-element-5993016 elementor-widget elementor-widget-spacer\" data-id=\"5993016\" data-element_type=\"widget\" data-widget_type=\"spacer.default\">\n\t\t\t\t<div class=\"elementor-widget-container\">\n\t\t\t\t\t\t\t<div class=\"elementor-spacer\">\n\t\t\t<div class=\"elementor-spacer-inner\"><\/div>\n\t\t<\/div>\n\t\t\t\t\t\t<\/div>\n\t\t\t\t<\/div>\n\t\t<div class=\"elementor-element elementor-element-4e55141 e-con-full e-flex e-con e-child\" data-id=\"4e55141\" data-element_type=\"container\" data-settings=\"{&quot;background_background&quot;:&quot;classic&quot;}\">\n\t\t<div class=\"elementor-element elementor-element-680907d e-con-full e-flex e-con e-child\" data-id=\"680907d\" data-element_type=\"container\">\n\t\t\t\t<div class=\"elementor-element elementor-element-2d02a19 elementor-widget elementor-widget-heading\" data-id=\"2d02a19\" data-element_type=\"widget\" data-widget_type=\"heading.default\">\n\t\t\t\t<div class=\"elementor-widget-container\">\n\t\t\t\t\t<h4 class=\"elementor-heading-title elementor-size-default\">\u63a2\u7d22\u73bb\u5229\u7ef4\u4e9a\u7684\u70ed\u5e26\u660e\u73e0<\/h4>\t\t\t\t<\/div>\n\t\t\t\t<\/div>\n\t\t\t\t<div class=\"elementor-element elementor-element-afb1569 elementor-widget elementor-widget-text-editor\" data-id=\"afb1569\" data-element_type=\"widget\" data-widget_type=\"text-editor.default\">\n\t\t\t\t<div class=\"elementor-widget-container\">\n\t\t\t\t\t\t\t\t\t<p>\u6b22\u8fce\u6765\u5230\u5723\u514b\u9c81\u65af\uff0c\u8fd9\u5ea7\u5145\u6ee1\u751f\u673a\u7684\u70ed\u5e26\u57ce\u5e02\uff0c\u4f4d\u4e8e\u73bb\u5229\u7ef4\u4e9a\u7684\u4f4e\u5730\uff0c\u662f\u4e00\u5ea7\u73b0\u4ee3\u4e0e\u81ea\u7136\u5b8c\u7f8e\u878d\u5408\u7684\u57ce\u5e02\u3002\u8fd9\u91cc\u662f\u901a\u5f80\u4e9a\u9a6c\u900a\u96e8\u6797\u548c\u5947\u57fa\u6258\u65af\u4f20\u6559\u533a\u7684\u95e8\u6237\uff0c\u4e5f\u662f\u90a3\u4e9b\u5bfb\u6c42\u5192\u9669\u3001\u6587\u5316\u548c\u81ea\u7136\u5947\u89c2\u6e38\u5ba2\u7684\u7406\u60f3\u76ee\u7684\u5730\u3002<\/p>\t\t\t\t\t\t\t\t<\/div>\n\t\t\t\t<\/div>\n\t\t\t\t<\/div>\n\t\t\t\t<\/div>\n\t\t\t\t\t<\/div>\n\t\t\t\t<\/div>\n\t\t<div class=\"elementor-element elementor-element-f0864ef e-flex e-con-boxed e-con e-parent\" data-id=\"f0864ef\" data-element_type=\"container\" data-settings=\"{&quot;background_background&quot;:&quot;classic&quot;}\">\n\t\t\t\t\t<div class=\"e-con-inner\">\n\t\t<div class=\"elementor-element elementor-element-aff647b e-con-full e-flex e-con e-child\" data-id=\"aff647b\" data-element_type=\"container\">\n\t\t\t\t<div class=\"elementor-element elementor-element-43da325 elementor-widget elementor-widget-text-editor\" data-id=\"43da325\" data-element_type=\"widget\" data-widget_type=\"text-editor.default\">\n\t\t\t\t<div class=\"elementor-widget-container\">\n\t\t\t\t\t\t\t\t\t<p>\u5728\u5723\u514b\u9c81\u65af\uff0c\u60a8\u53ef\u4ee5\u6f2b\u6b65\u4e8e\u70ed\u95f9\u7684\u5e7f\u573a\uff0c\u53c2\u89c2\u5b8f\u4f1f\u7684\u5723\u6d1b\u4f26\u7d22\u5927\u6559\u5802\uff0c\u4f53\u9a8c\u4e30\u5bcc\u7684\u672c\u5730\u6587\u5316\u548c\u7f8e\u98df\u3002\u522b\u5fd8\u4e86\u63a2\u7d22\u5b83\u5468\u56f4\u7684\u81ea\u7136\u5947\u89c2\u2014\u2014\u4ece\u7f8e\u4e3d\u7684\u751f\u7269\u4fdd\u62a4\u533a\u5230\u5ef6\u7ef5\u7684\u68d5\u6988\u6811\u548c\u70ed\u5e26\u96e8\u6797\uff0c\u5723\u514b\u9c81\u65af\u4e3a\u60a8\u63d0\u4f9b\u4e86\u65e0\u9650\u7684\u6237\u5916\u6d3b\u52a8\u673a\u4f1a\u3002<\/p>\t\t\t\t\t\t\t\t<\/div>\n\t\t\t\t<\/div>\n\t\t\t\t<div class=\"elementor-element elementor-element-b05bf1e elementor-widget elementor-widget-image\" data-id=\"b05bf1e\" data-element_type=\"widget\" data-widget_type=\"image.default\">\n\t\t\t\t<div class=\"elementor-widget-container\">\n\t\t\t\t\t\t\t\t\t\t\t\t\t\t\t<img fetchpriority=\"high\" decoding=\"async\" width=\"800\" height=\"799\" src=\"https:\/\/www.giralatina.com\/wp-content\/uploads\/2024\/09\/gira-bolivia-00006.jpg\" class=\"attachment-large size-large wp-image-1055\" alt=\"\" srcset=\"https:\/\/www.giralatina.com\/wp-content\/uploads\/2024\/09\/gira-bolivia-00006.jpg 951w, https:\/\/www.giralatina.com\/wp-content\/uploads\/2024\/09\/gira-bolivia-00006-300x300.jpg 300w, https:\/\/www.giralatina.com\/wp-content\/uploads\/2024\/09\/gira-bolivia-00006-150x150.jpg 150w, https:\/\/www.giralatina.com\/wp-content\/uploads\/2024\/09\/gira-bolivia-00006-768x767.jpg 768w, https:\/\/www.giralatina.com\/wp-content\/uploads\/2024\/09\/gira-bolivia-00006-12x12.jpg 12w\" sizes=\"(max-width: 800px) 100vw, 800px\" \/>\t\t\t\t\t\t\t\t\t\t\t\t\t\t\t<\/div>\n\t\t\t\t<\/div>\n\t\t\t\t<div class=\"elementor-element elementor-element-e151974 elementor-widget elementor-widget-image\" data-id=\"e151974\" data-element_type=\"widget\" data-widget_type=\"image.default\">\n\t\t\t\t<div class=\"elementor-widget-container\">\n\t\t\t\t\t\t\t\t\t\t\t\t\t\t\t<img decoding=\"async\" width=\"800\" height=\"985\" src=\"https:\/\/www.giralatina.com\/wp-content\/uploads\/2024\/09\/gira-bolivia-00027-832x1024.jpg\" class=\"attachment-large size-large wp-image-993\" alt=\"\" srcset=\"https:\/\/www.giralatina.com\/wp-content\/uploads\/2024\/09\/gira-bolivia-00027-832x1024.jpg 832w, https:\/\/www.giralatina.com\/wp-content\/uploads\/2024\/09\/gira-bolivia-00027-244x300.jpg 244w, https:\/\/www.giralatina.com\/wp-content\/uploads\/2024\/09\/gira-bolivia-00027-768x946.jpg 768w, https:\/\/www.giralatina.com\/wp-content\/uploads\/2024\/09\/gira-bolivia-00027-10x12.jpg 10w, https:\/\/www.giralatina.com\/wp-content\/uploads\/2024\/09\/gira-bolivia-00027.jpg 1080w\" sizes=\"(max-width: 800px) 100vw, 800px\" \/>\t\t\t\t\t\t\t\t\t\t\t\t\t\t\t<\/div>\n\t\t\t\t<\/div>\n\t\t\t\t<\/div>\n\t\t<div class=\"elementor-element elementor-element-fa852cc e-con-full e-flex e-con e-child\" data-id=\"fa852cc\" data-element_type=\"container\">\n\t\t\t\t<div class=\"elementor-element elementor-element-7cb55c5 elementor-widget elementor-widget-text-editor\" data-id=\"7cb55c5\" data-element_type=\"widget\" data-widget_type=\"text-editor.default\">\n\t\t\t\t<div class=\"elementor-widget-container\">\n\t\t\t\t\t\t\t\t\t<p>\u5723\u514b\u9c81\u65af\u7684\u591c\u751f\u6d3b\u4e5f\u975e\u5e38\u6d3b\u8dc3\uff0c\u65f6\u5c1a\u7684\u9910\u9986\u3001\u9152\u5427\u548c\u4ff1\u4e50\u90e8\u8ba9\u60a8\u53ef\u4ee5\u5c3d\u60c5\u4eab\u53d7\u591c\u665a\u7684\u9b45\u529b\u3002\u65e0\u8bba\u60a8\u662f\u6587\u5316\u7231\u597d\u8005\u3001\u81ea\u7136\u63a2\u9669\u8005\uff0c\u8fd8\u662f\u70ed\u8877\u591c\u751f\u6d3b\u7684\u6e38\u5ba2\uff0c\u5723\u514b\u9c81\u65af\u90fd\u4f1a\u4e3a\u60a8\u5e26\u6765\u4e00\u6bb5\u96be\u5fd8\u7684\u65c5\u7a0b\u3002<\/p>\t\t\t\t\t\t\t\t<\/div>\n\t\t\t\t<\/div>\n\t\t\t\t<div class=\"elementor-element elementor-element-260f4ee elementor-widget elementor-widget-image\" data-id=\"260f4ee\" data-element_type=\"widget\" data-widget_type=\"image.default\">\n\t\t\t\t<div class=\"elementor-widget-container\">\n\t\t\t\t\t\t\t\t\t\t\t\t\t\t\t<img decoding=\"async\" width=\"800\" height=\"981\" src=\"https:\/\/www.giralatina.com\/wp-content\/uploads\/2024\/09\/gira-bolivia-00008-835x1024.jpg\" class=\"attachment-large size-large wp-image-1057\" alt=\"\" srcset=\"https:\/\/www.giralatina.com\/wp-content\/uploads\/2024\/09\/gira-bolivia-00008-835x1024.jpg 835w, https:\/\/www.giralatina.com\/wp-content\/uploads\/2024\/09\/gira-bolivia-00008-245x300.jpg 245w, https:\/\/www.giralatina.com\/wp-content\/uploads\/2024\/09\/gira-bolivia-00008-768x942.jpg 768w, https:\/\/www.giralatina.com\/wp-content\/uploads\/2024\/09\/gira-bolivia-00008-10x12.jpg 10w, https:\/\/www.giralatina.com\/wp-content\/uploads\/2024\/09\/gira-bolivia-00008.jpg 1080w\" sizes=\"(max-width: 800px) 100vw, 800px\" \/>\t\t\t\t\t\t\t\t\t\t\t\t\t\t\t<\/div>\n\t\t\t\t<\/div>\n\t\t\t\t<div class=\"elementor-element elementor-element-3740a23 elementor-widget elementor-widget-image\" data-id=\"3740a23\" data-element_type=\"widget\" data-widget_type=\"image.default\">\n\t\t\t\t<div class=\"elementor-widget-container\">\n\t\t\t\t\t\t\t\t\t\t\t\t\t\t\t<img loading=\"lazy\" decoding=\"async\" width=\"800\" height=\"959\" src=\"https:\/\/www.giralatina.com\/wp-content\/uploads\/2024\/09\/gira-bolivia-00025-854x1024.jpg\" class=\"attachment-large size-large wp-image-1058\" alt=\"\" srcset=\"https:\/\/www.giralatina.com\/wp-content\/uploads\/2024\/09\/gira-bolivia-00025-854x1024.jpg 854w, https:\/\/www.giralatina.com\/wp-content\/uploads\/2024\/09\/gira-bolivia-00025-250x300.jpg 250w, https:\/\/www.giralatina.com\/wp-content\/uploads\/2024\/09\/gira-bolivia-00025-768x921.jpg 768w, https:\/\/www.giralatina.com\/wp-content\/uploads\/2024\/09\/gira-bolivia-00025-10x12.jpg 10w, https:\/\/www.giralatina.com\/wp-content\/uploads\/2024\/09\/gira-bolivia-00025.jpg 1080w\" sizes=\"(max-width: 800px) 100vw, 800px\" \/>\t\t\t\t\t\t\t\t\t\t\t\t\t\t\t<\/div>\n\t\t\t\t<\/div>\n\t\t\t\t<\/div>\n\t\t\t\t\t<\/div>\n\t\t\t\t<\/div>\n\t\t\t\t<\/div>","protected":false},"excerpt":{"rendered":"<p>Explora la Joya Tropical de Bolivia Bienvenido a Santa Cruz, una vibrante ciudad tropical en las tierras bajas de Bolivia, donde lo moderno y lo natural se encuentran en perfecta armon\u00eda. Como la puerta de entrada a la selva amaz\u00f3nica y las Misiones Jesu\u00edticas de Chiquitos, Santa Cruz es un destino ideal para los viajeros [&hellip;]<\/p>","protected":false},"author":1,"featured_media":0,"parent":141,"menu_order":0,"comment_status":"closed","ping_status":"closed","template":"","meta":{"footnotes":""},"class_list":["post-1002","page","type-page","status-publish","hentry"],"_links":{"self":[{"href":"https:\/\/www.giralatina.com\/zh\/wp-json\/wp\/v2\/pages\/1002","targetHints":{"allow":["GET"]}}],"collection":[{"href":"https:\/\/www.giralatina.com\/zh\/wp-json\/wp\/v2\/pages"}],"about":[{"href":"https:\/\/www.giralatina.com\/zh\/wp-json\/wp\/v2\/types\/page"}],"author":[{"embeddable":true,"href":"https:\/\/www.giralatina.com\/zh\/wp-json\/wp\/v2\/users\/1"}],"replies":[{"embeddable":true,"href":"https:\/\/www.giralatina.com\/zh\/wp-json\/wp\/v2\/comments?post=1002"}],"version-history":[{"count":0,"href":"https:\/\/www.giralatina.com\/zh\/wp-json\/wp\/v2\/pages\/1002\/revisions"}],"up":[{"embeddable":true,"href":"https:\/\/www.giralatina.com\/zh\/wp-json\/wp\/v2\/pages\/141"}],"wp:attachment":[{"href":"https:\/\/www.giralatina.com\/zh\/wp-json\/wp\/v2\/media?parent=1002"}],"curies":[{"name":"wp","href":"https:\/\/api.w.org\/{rel}","templated":true}]}}