{"id":1004,"date":"2024-09-26T11:10:38","date_gmt":"2024-09-26T14:10:38","guid":{"rendered":"https:\/\/www.giralatina.com\/?page_id=1004"},"modified":"2024-09-26T12:27:16","modified_gmt":"2024-09-26T15:27:16","slug":"bolivia-salar-de-uyuni","status":"publish","type":"page","link":"https:\/\/www.giralatina.com\/zh\/gira-latina\/bolivia-salar-de-uyuni\/","title":{"rendered":"\u73bb\u5229\u7ef4\u4e9a\uff1a\u4e4c\u5c24\u5c3c\u76d0\u6cbc"},"content":{"rendered":"<div data-elementor-type=\"wp-page\" data-elementor-id=\"1004\" class=\"elementor elementor-1004\" data-elementor-post-type=\"page\">\n\t\t\t\t<div class=\"elementor-element elementor-element-b5dc7e6 e-flex e-con-boxed e-con e-parent\" data-id=\"b5dc7e6\" data-element_type=\"container\" data-settings=\"{&quot;background_background&quot;:&quot;gradient&quot;}\">\n\t\t\t\t\t<div class=\"e-con-inner\">\n\t\t\t\t\t<\/div>\n\t\t\t\t<\/div>\n\t\t<div class=\"elementor-element elementor-element-d1e0a67 e-flex e-con-boxed e-con e-parent\" data-id=\"d1e0a67\" data-element_type=\"container\" data-settings=\"{&quot;background_background&quot;:&quot;classic&quot;}\">\n\t\t\t\t\t<div class=\"e-con-inner\">\n\t\t\t\t<div class=\"elementor-element elementor-element-ec82bf0 elementor-widget elementor-widget-spacer\" data-id=\"ec82bf0\" data-element_type=\"widget\" data-widget_type=\"spacer.default\">\n\t\t\t\t<div class=\"elementor-widget-container\">\n\t\t\t\t\t\t\t<div class=\"elementor-spacer\">\n\t\t\t<div class=\"elementor-spacer-inner\"><\/div>\n\t\t<\/div>\n\t\t\t\t\t\t<\/div>\n\t\t\t\t<\/div>\n\t\t<div class=\"elementor-element elementor-element-5741c52 e-con-full e-flex e-con e-child\" data-id=\"5741c52\" data-element_type=\"container\" data-settings=\"{&quot;background_background&quot;:&quot;classic&quot;}\">\n\t\t<div class=\"elementor-element elementor-element-f9c2400 e-con-full e-flex e-con e-child\" data-id=\"f9c2400\" data-element_type=\"container\">\n\t\t\t\t<div class=\"elementor-element elementor-element-3cb5ae5 elementor-widget elementor-widget-heading\" data-id=\"3cb5ae5\" data-element_type=\"widget\" data-widget_type=\"heading.default\">\n\t\t\t\t<div class=\"elementor-widget-container\">\n\t\t\t\t\t<h4 class=\"elementor-heading-title elementor-size-default\">\u63a2\u79d8\u5929\u7a7a\u4e4b\u955c<\/h4>\t\t\t\t<\/div>\n\t\t\t\t<\/div>\n\t\t\t\t<div class=\"elementor-element elementor-element-46f4917 elementor-widget elementor-widget-text-editor\" data-id=\"46f4917\" data-element_type=\"widget\" data-widget_type=\"text-editor.default\">\n\t\t\t\t<div class=\"elementor-widget-container\">\n\t\t\t\t\t\t\t\t\t\u6b22\u8fce\u6765\u5230\u4e4c\u5c24\u5c3c\u76d0\u6cbc\uff0c\u4e16\u754c\u4e0a\u6700\u5927\u7684\u76d0\u6cbc\uff0c\u4e5f\u662f\u6700\u68a6\u5e7b\u7684\u81ea\u7136\u5947\u89c2\u4e4b\u4e00\u3002\u5728\u8fd9\u91cc\uff0c\u5929\u7a7a\u4e0e\u5927\u5730\u878d\u4e3a\u4e00\u4f53\uff0c\u6784\u6210\u4e86\u4e00\u4e2a\u65e0\u8fb9\u65e0\u9645\u7684\u81ea\u7136\u955c\u9762\uff0c\u8ba9\u4f60\u4eff\u4f5b\u7f6e\u8eab\u4e8e\u68a6\u5883\u4e4b\u4e2d\u3002\u4e4c\u5c24\u5c3c\u76d0\u6cbc\u4e0d\u4ec5\u662f\u6444\u5f71\u5e08\u7684\u5929\u5802\uff0c\u4e5f\u662f\u90a3\u4e9b\u8ffd\u6c42\u72ec\u7279\u4f53\u9a8c\u7684\u5192\u9669\u8005\u7684\u5fc5\u53bb\u4e4b\u5730\u3002\t\t\t\t\t\t\t\t<\/div>\n\t\t\t\t<\/div>\n\t\t\t\t<\/div>\n\t\t\t\t<\/div>\n\t\t\t\t\t<\/div>\n\t\t\t\t<\/div>\n\t\t<div class=\"elementor-element elementor-element-d922818 e-flex e-con-boxed e-con e-parent\" data-id=\"d922818\" data-element_type=\"container\" data-settings=\"{&quot;background_background&quot;:&quot;classic&quot;}\">\n\t\t\t\t\t<div class=\"e-con-inner\">\n\t\t<div class=\"elementor-element elementor-element-2465b7e e-con-full e-flex e-con e-child\" data-id=\"2465b7e\" data-element_type=\"container\">\n\t\t\t\t<div class=\"elementor-element elementor-element-82a80f1 elementor-widget elementor-widget-text-editor\" data-id=\"82a80f1\" data-element_type=\"widget\" data-widget_type=\"text-editor.default\">\n\t\t\t\t<div class=\"elementor-widget-container\">\n\t\t\t\t\t\t\t\t\t\u6bcf\u5e74\u7684\u96e8\u5b63\uff0c\u76d0\u6cbc\u8868\u9762\u88ab\u6c34\u8f7b\u8f7b\u8986\u76d6\uff0c\u5f62\u6210\u5b8c\u7f8e\u7684\u955c\u9762\u6548\u679c\uff0c\u53cd\u5c04\u51fa\u65e0\u57a0\u7684\u5929\u7a7a\u548c\u5468\u56f4\u7684\u5c71\u8109\u3002\u4f60\u53ef\u4ee5\u5728\u8fd9\u7247\u5de8\u5927\u7684\u201c\u5929\u7a7a\u4e4b\u5883\u201d\u4e2d\u6f2b\u6b65\uff0c\u4eff\u4f5b\u8d70\u5728\u4e91\u7aef\u3002\u5e72\u5b63\u65f6\uff0c\u76d0\u7684\u7ed3\u6676\u5c42\u5f62\u6210\u72ec\u7279\u7684\u51e0\u4f55\u56fe\u6848\uff0c\u5c55\u73b0\u51fa\u76d0\u6cbc\u53e6\u4e00\u79cd\u795e\u79d8\u7684\u7f8e\u3002\t\t\t\t\t\t\t\t<\/div>\n\t\t\t\t<\/div>\n\t\t\t\t<div class=\"elementor-element elementor-element-668baa2 elementor-widget elementor-widget-image\" data-id=\"668baa2\" data-element_type=\"widget\" data-widget_type=\"image.default\">\n\t\t\t\t<div class=\"elementor-widget-container\">\n\t\t\t\t\t\t\t\t\t\t\t\t\t\t\t<img fetchpriority=\"high\" decoding=\"async\" width=\"768\" height=\"1024\" src=\"https:\/\/www.giralatina.com\/wp-content\/uploads\/2024\/09\/gira-bolivia-00026-768x1024.jpg\" class=\"attachment-large size-large wp-image-1047\" alt=\"\" srcset=\"https:\/\/www.giralatina.com\/wp-content\/uploads\/2024\/09\/gira-bolivia-00026-768x1024.jpg 768w, https:\/\/www.giralatina.com\/wp-content\/uploads\/2024\/09\/gira-bolivia-00026-225x300.jpg 225w, https:\/\/www.giralatina.com\/wp-content\/uploads\/2024\/09\/gira-bolivia-00026-9x12.jpg 9w, https:\/\/www.giralatina.com\/wp-content\/uploads\/2024\/09\/gira-bolivia-00026.jpg 1080w\" sizes=\"(max-width: 768px) 100vw, 768px\" \/>\t\t\t\t\t\t\t\t\t\t\t\t\t\t\t<\/div>\n\t\t\t\t<\/div>\n\t\t\t\t<div class=\"elementor-element elementor-element-6c818d5 elementor-widget elementor-widget-image\" data-id=\"6c818d5\" data-element_type=\"widget\" data-widget_type=\"image.default\">\n\t\t\t\t<div class=\"elementor-widget-container\">\n\t\t\t\t\t\t\t\t\t\t\t\t\t\t\t<img decoding=\"async\" width=\"768\" height=\"1024\" src=\"https:\/\/www.giralatina.com\/wp-content\/uploads\/2024\/09\/gira-bolivia-00015-768x1024.jpg\" class=\"attachment-large size-large wp-image-1049\" alt=\"\" srcset=\"https:\/\/www.giralatina.com\/wp-content\/uploads\/2024\/09\/gira-bolivia-00015-768x1024.jpg 768w, https:\/\/www.giralatina.com\/wp-content\/uploads\/2024\/09\/gira-bolivia-00015-225x300.jpg 225w, https:\/\/www.giralatina.com\/wp-content\/uploads\/2024\/09\/gira-bolivia-00015-9x12.jpg 9w, https:\/\/www.giralatina.com\/wp-content\/uploads\/2024\/09\/gira-bolivia-00015.jpg 1080w\" sizes=\"(max-width: 768px) 100vw, 768px\" \/>\t\t\t\t\t\t\t\t\t\t\t\t\t\t\t<\/div>\n\t\t\t\t<\/div>\n\t\t\t\t<\/div>\n\t\t<div class=\"elementor-element elementor-element-d8893af e-con-full e-flex e-con e-child\" data-id=\"d8893af\" data-element_type=\"container\">\n\t\t\t\t<div class=\"elementor-element elementor-element-9cbd534 elementor-widget elementor-widget-text-editor\" data-id=\"9cbd534\" data-element_type=\"widget\" data-widget_type=\"text-editor.default\">\n\t\t\t\t<div class=\"elementor-widget-container\">\n\t\t\t\t\t\t\t\t\t\u9664\u4e86\u4ee4\u4eba\u60ca\u53f9\u7684\u81ea\u7136\u666f\u89c2\uff0c\u4e4c\u5c24\u5c3c\u76d0\u6cbc\u8fd8\u662f\u901a\u5f80\u5386\u53f2\u548c\u6587\u5316\u63a2\u9669\u7684\u95e8\u6237\u3002\u9644\u8fd1\u7684\u706b\u8f66\u5893\u5730\u3001\u76d0\u9152\u5e97\uff0c\u4ee5\u53ca\u8fdc\u5904\u7684\u5f69\u8679\u5c71\u8109\uff0c\u90fd\u4e3a\u4f60\u7684\u65c5\u7a0b\u589e\u6dfb\u4e86\u66f4\u591a\u7684\u5947\u5e7b\u8272\u5f69\u3002\u4e4c\u5c24\u5c3c\u76d0\u6cbc\u4e0d\u4ec5\u4ec5\u662f\u4e00\u4e2a\u76ee\u7684\u5730\uff0c\u5b83\u662f\u4e00\u4e2a\u8ba9\u4f60\u91cd\u65b0\u601d\u8003\u5730\u7403\u4e4b\u7f8e\u7684\u5730\u65b9\u3002\t\t\t\t\t\t\t\t<\/div>\n\t\t\t\t<\/div>\n\t\t\t\t<div class=\"elementor-element elementor-element-38f43e7 elementor-widget elementor-widget-image\" data-id=\"38f43e7\" data-element_type=\"widget\" data-widget_type=\"image.default\">\n\t\t\t\t<div class=\"elementor-widget-container\">\n\t\t\t\t\t\t\t\t\t\t\t\t\t\t\t<img decoding=\"async\" width=\"768\" height=\"1024\" src=\"https:\/\/www.giralatina.com\/wp-content\/uploads\/2024\/09\/gira-bolivia-00010-768x1024.jpg\" class=\"attachment-large size-large wp-image-1048\" alt=\"\" srcset=\"https:\/\/www.giralatina.com\/wp-content\/uploads\/2024\/09\/gira-bolivia-00010-768x1024.jpg 768w, https:\/\/www.giralatina.com\/wp-content\/uploads\/2024\/09\/gira-bolivia-00010-225x300.jpg 225w, https:\/\/www.giralatina.com\/wp-content\/uploads\/2024\/09\/gira-bolivia-00010-9x12.jpg 9w, https:\/\/www.giralatina.com\/wp-content\/uploads\/2024\/09\/gira-bolivia-00010.jpg 1080w\" sizes=\"(max-width: 768px) 100vw, 768px\" \/>\t\t\t\t\t\t\t\t\t\t\t\t\t\t\t<\/div>\n\t\t\t\t<\/div>\n\t\t\t\t<div class=\"elementor-element elementor-element-fed3c20 elementor-widget elementor-widget-image\" data-id=\"fed3c20\" data-element_type=\"widget\" data-widget_type=\"image.default\">\n\t\t\t\t<div class=\"elementor-widget-container\">\n\t\t\t\t\t\t\t\t\t\t\t\t\t\t\t<img loading=\"lazy\" decoding=\"async\" width=\"800\" height=\"532\" src=\"https:\/\/www.giralatina.com\/wp-content\/uploads\/2024\/09\/gira-bolivia-00024-1024x681.jpg\" class=\"attachment-large size-large wp-image-1050\" alt=\"\" srcset=\"https:\/\/www.giralatina.com\/wp-content\/uploads\/2024\/09\/gira-bolivia-00024-1024x681.jpg 1024w, https:\/\/www.giralatina.com\/wp-content\/uploads\/2024\/09\/gira-bolivia-00024-300x199.jpg 300w, https:\/\/www.giralatina.com\/wp-content\/uploads\/2024\/09\/gira-bolivia-00024-768x511.jpg 768w, https:\/\/www.giralatina.com\/wp-content\/uploads\/2024\/09\/gira-bolivia-00024-18x12.jpg 18w, https:\/\/www.giralatina.com\/wp-content\/uploads\/2024\/09\/gira-bolivia-00024.jpg 1080w\" sizes=\"(max-width: 800px) 100vw, 800px\" \/>\t\t\t\t\t\t\t\t\t\t\t\t\t\t\t<\/div>\n\t\t\t\t<\/div>\n\t\t\t\t<\/div>\n\t\t\t\t\t<\/div>\n\t\t\t\t<\/div>\n\t\t\t\t<\/div>","protected":false},"excerpt":{"rendered":"<p>Descubre el Espejo del Cielo Bienvenido al Salar de Uyuni, el salar m\u00e1s grande del mundo y uno de los fen\u00f3menos naturales m\u00e1s impresionantes del planeta. Aqu\u00ed, el cielo y la tierra se fusionan en un espejo infinito, creando una ilusi\u00f3n visual que te transporta a un paisaje de ensue\u00f1o. El Salar de Uyuni es [&hellip;]<\/p>","protected":false},"author":1,"featured_media":0,"parent":141,"menu_order":0,"comment_status":"closed","ping_status":"closed","template":"","meta":{"footnotes":""},"class_list":["post-1004","page","type-page","status-publish","hentry"],"_links":{"self":[{"href":"https:\/\/www.giralatina.com\/zh\/wp-json\/wp\/v2\/pages\/1004","targetHints":{"allow":["GET"]}}],"collection":[{"href":"https:\/\/www.giralatina.com\/zh\/wp-json\/wp\/v2\/pages"}],"about":[{"href":"https:\/\/www.giralatina.com\/zh\/wp-json\/wp\/v2\/types\/page"}],"author":[{"embeddable":true,"href":"https:\/\/www.giralatina.com\/zh\/wp-json\/wp\/v2\/users\/1"}],"replies":[{"embeddable":true,"href":"https:\/\/www.giralatina.com\/zh\/wp-json\/wp\/v2\/comments?post=1004"}],"version-history":[{"count":0,"href":"https:\/\/www.giralatina.com\/zh\/wp-json\/wp\/v2\/pages\/1004\/revisions"}],"up":[{"embeddable":true,"href":"https:\/\/www.giralatina.com\/zh\/wp-json\/wp\/v2\/pages\/141"}],"wp:attachment":[{"href":"https:\/\/www.giralatina.com\/zh\/wp-json\/wp\/v2\/media?parent=1004"}],"curies":[{"name":"wp","href":"https:\/\/api.w.org\/{rel}","templated":true}]}}