{"id":139,"date":"2023-09-14T02:43:50","date_gmt":"2023-09-14T00:43:50","guid":{"rendered":"https:\/\/www.giralatina.com\/?page_id=139"},"modified":"2024-09-23T17:55:46","modified_gmt":"2024-09-23T20:55:46","slug":"nosotros","status":"publish","type":"page","link":"https:\/\/www.giralatina.com\/zh\/nosotros\/","title":{"rendered":"\u5173\u4e8e\u6211\u4eec"},"content":{"rendered":"<div data-elementor-type=\"wp-page\" data-elementor-id=\"139\" class=\"elementor elementor-139\" data-elementor-post-type=\"page\">\n\t\t\t\t<div class=\"elementor-element elementor-element-e69c8c5 e-flex e-con-boxed e-con e-parent\" data-id=\"e69c8c5\" data-element_type=\"container\" data-settings=\"{&quot;background_background&quot;:&quot;gradient&quot;}\">\n\t\t\t\t\t<div class=\"e-con-inner\">\n\t\t\t\t\t<\/div>\n\t\t\t\t<\/div>\n\t\t<div class=\"elementor-element elementor-element-68c32ce e-flex e-con-boxed e-con e-parent\" data-id=\"68c32ce\" data-element_type=\"container\" data-settings=\"{&quot;background_background&quot;:&quot;classic&quot;}\">\n\t\t\t\t\t<div class=\"e-con-inner\">\n\t\t<div class=\"elementor-element elementor-element-61f0a12 e-con-full e-flex e-con e-child\" data-id=\"61f0a12\" data-element_type=\"container\">\n\t\t<div class=\"elementor-element elementor-element-621a81e e-flex e-con-boxed e-con e-child\" data-id=\"621a81e\" data-element_type=\"container\">\n\t\t\t\t\t<div class=\"e-con-inner\">\n\t\t\t\t<div class=\"elementor-element elementor-element-6f4cead elementor-widget elementor-widget-heading\" data-id=\"6f4cead\" data-element_type=\"widget\" data-widget_type=\"heading.default\">\n\t\t\t\t<div class=\"elementor-widget-container\">\n\t\t\t\t\t<h4 class=\"elementor-heading-title elementor-size-default\">\u7ecf\u9a8c\u4e0e\u4e13\u4e1a\u7cbe\u795e<\/h4>\t\t\t\t<\/div>\n\t\t\t\t<\/div>\n\t\t\t\t<div class=\"elementor-element elementor-element-4c8d5f0 elementor-widget elementor-widget-heading\" data-id=\"4c8d5f0\" data-element_type=\"widget\" data-widget_type=\"heading.default\">\n\t\t\t\t<div class=\"elementor-widget-container\">\n\t\t\t\t\t<h2 class=\"elementor-heading-title elementor-size-default\">\u4fe1\u8d56\u9633\u5149\u62c9\u7f8e<\/h2>\t\t\t\t<\/div>\n\t\t\t\t<\/div>\n\t\t\t\t\t<\/div>\n\t\t\t\t<\/div>\n\t\t\t\t<div class=\"elementor-element elementor-element-6a25171 elementor-widget elementor-widget-text-editor\" data-id=\"6a25171\" data-element_type=\"widget\" data-widget_type=\"text-editor.default\">\n\t\t\t\t<div class=\"elementor-widget-container\">\n\t\t\t\t\t\t\t\t\t<p>\u6211\u4eec\u662f\u4e00\u5bb6\u4e13\u6ce8\u4e8e\u7ec4\u7ec7\u548c\u7ba1\u7406\u5546\u52a1\u65c5\u884c\u7684\u516c\u53f8\uff0c\u81f4\u529b\u4e8e\u4fc3\u8fdb\u4e2d\u56fd\u4e0e\u62c9\u4e01\u7f8e\u6d32\u4e4b\u95f4\u7684\u6587\u5316\u4ea4\u6d41\u4e0e\u5546\u673a\u7684\u5f00\u62d3\u3002<\/p>\t\t\t\t\t\t\t\t<\/div>\n\t\t\t\t<\/div>\n\t\t\t\t<div class=\"elementor-element elementor-element-09cd478 elementor-widget elementor-widget-text-editor\" data-id=\"09cd478\" data-element_type=\"widget\" data-widget_type=\"text-editor.default\">\n\t\t\t\t<div class=\"elementor-widget-container\">\n\t\t\t\t\t\t\t\t\t<p>\u9633\u5149\u62c9\u7f8e\u6210\u7acb\u7684\u521d\u8877\u662f\u4e3a\u4e86\u63a8\u52a8\u8fd9\u4e24\u4e2a\u5730\u7406\u548c\u6587\u5316\u533a\u57df\u4e4b\u95f4\u7684\u5408\u4f5c\u4e0e\u7406\u89e3\uff0c\u73b0\u5df2\u6210\u4e3a\u4fc3\u8fdb\u4e2d\u62c9\u4f01\u4e1a\u3001\u673a\u6784\u548c\u7ec4\u7ec7\u95f4\u5546\u4e1a\u4e0e\u6587\u5316\u5173\u7cfb\u7684\u91cd\u8981\u6865\u6881\u3002<\/p>\t\t\t\t\t\t\t\t<\/div>\n\t\t\t\t<\/div>\n\t\t\t\t<\/div>\n\t\t<div class=\"elementor-element elementor-element-42aa15c e-con-full e-flex e-con e-child\" data-id=\"42aa15c\" data-element_type=\"container\">\n\t\t\t\t<div class=\"elementor-element elementor-element-6978e1a elementor-widget__width-initial elementor-widget elementor-widget-image\" data-id=\"6978e1a\" data-element_type=\"widget\" data-widget_type=\"image.default\">\n\t\t\t\t<div class=\"elementor-widget-container\">\n\t\t\t\t\t\t\t\t\t\t\t\t\t\t\t<img fetchpriority=\"high\" decoding=\"async\" width=\"800\" height=\"534\" src=\"https:\/\/www.giralatina.com\/wp-content\/uploads\/2023\/09\/group-of-business-1024x683.jpg\" class=\"attachment-large size-large wp-image-132\" alt=\"\" srcset=\"https:\/\/www.giralatina.com\/wp-content\/uploads\/2023\/09\/group-of-business-1024x683.jpg 1024w, https:\/\/www.giralatina.com\/wp-content\/uploads\/2023\/09\/group-of-business-300x200.jpg 300w, https:\/\/www.giralatina.com\/wp-content\/uploads\/2023\/09\/group-of-business-768x512.jpg 768w, https:\/\/www.giralatina.com\/wp-content\/uploads\/2023\/09\/group-of-business.jpg 1350w\" sizes=\"(max-width: 800px) 100vw, 800px\" \/>\t\t\t\t\t\t\t\t\t\t\t\t\t\t\t<\/div>\n\t\t\t\t<\/div>\n\t\t\t\t<div class=\"elementor-element elementor-element-1e0b683 elementor-widget__width-initial elementor-widget elementor-widget-image\" data-id=\"1e0b683\" data-element_type=\"widget\" data-widget_type=\"image.default\">\n\t\t\t\t<div class=\"elementor-widget-container\">\n\t\t\t\t\t\t\t\t\t\t\t\t\t\t\t<img decoding=\"async\" width=\"663\" height=\"663\" src=\"https:\/\/www.giralatina.com\/wp-content\/uploads\/2023\/09\/backpacker-couple-travel-adventure-happiness-conce-2022-09-16-07-18-27-utc.jpg\" class=\"attachment-large size-large wp-image-70\" alt=\"\" srcset=\"https:\/\/www.giralatina.com\/wp-content\/uploads\/2023\/09\/backpacker-couple-travel-adventure-happiness-conce-2022-09-16-07-18-27-utc.jpg 663w, https:\/\/www.giralatina.com\/wp-content\/uploads\/2023\/09\/backpacker-couple-travel-adventure-happiness-conce-2022-09-16-07-18-27-utc-300x300.jpg 300w, https:\/\/www.giralatina.com\/wp-content\/uploads\/2023\/09\/backpacker-couple-travel-adventure-happiness-conce-2022-09-16-07-18-27-utc-150x150.jpg 150w\" sizes=\"(max-width: 663px) 100vw, 663px\" \/>\t\t\t\t\t\t\t\t\t\t\t\t\t\t\t<\/div>\n\t\t\t\t<\/div>\n\t\t\t\t<\/div>\n\t\t\t\t\t<\/div>\n\t\t\t\t<\/div>\n\t\t<div class=\"elementor-element elementor-element-b72da6b e-flex e-con-boxed e-con e-parent\" data-id=\"b72da6b\" data-element_type=\"container\" data-settings=\"{&quot;background_background&quot;:&quot;classic&quot;}\">\n\t\t\t\t\t<div class=\"e-con-inner\">\n\t\t\t\t<div class=\"elementor-element elementor-element-1ff7920 elementor-widget elementor-widget-spacer\" data-id=\"1ff7920\" data-element_type=\"widget\" data-widget_type=\"spacer.default\">\n\t\t\t\t<div class=\"elementor-widget-container\">\n\t\t\t\t\t\t\t<div class=\"elementor-spacer\">\n\t\t\t<div class=\"elementor-spacer-inner\"><\/div>\n\t\t<\/div>\n\t\t\t\t\t\t<\/div>\n\t\t\t\t<\/div>\n\t\t\t\t\t<\/div>\n\t\t\t\t<\/div>\n\t\t<div class=\"elementor-element elementor-element-fc8ec92 e-flex e-con-boxed e-con e-parent\" data-id=\"fc8ec92\" data-element_type=\"container\">\n\t\t\t\t\t<div class=\"e-con-inner\">\n\t\t<div class=\"elementor-element elementor-element-0fae4ab e-con-full e-flex e-con e-child\" data-id=\"0fae4ab\" data-element_type=\"container\" data-settings=\"{&quot;background_background&quot;:&quot;classic&quot;}\">\n\t\t<div class=\"elementor-element elementor-element-ea60b02 e-con-full e-flex e-con e-child\" data-id=\"ea60b02\" data-element_type=\"container\">\n\t\t\t\t<div class=\"elementor-element elementor-element-c9ff56e elementor-widget elementor-widget-heading\" data-id=\"c9ff56e\" data-element_type=\"widget\" data-widget_type=\"heading.default\">\n\t\t\t\t<div class=\"elementor-widget-container\">\n\t\t\t\t\t<h4 class=\"elementor-heading-title elementor-size-default\">\u4f7f\u547d<\/h4>\t\t\t\t<\/div>\n\t\t\t\t<\/div>\n\t\t\t\t<div class=\"elementor-element elementor-element-4c19999 elementor-widget elementor-widget-text-editor\" data-id=\"4c19999\" data-element_type=\"widget\" data-widget_type=\"text-editor.default\">\n\t\t\t\t<div class=\"elementor-widget-container\">\n\t\t\t\t\t\t\t\t\t<p>\u4fc3\u8fdb\u4e2d\u56fd\u4e0e\u62c9\u4e01\u7f8e\u6d32\u4e4b\u95f4\u7684\u6587\u5316\u4ea4\u6d41\u548c\u5546\u4e1a\u673a\u4f1a\uff0c\u901a\u8fc7\u9ad8\u8d28\u91cf\u7684\u5546\u52a1\u65c5\u884c\u7ec4\u7ec7\u548c\u7ba1\u7406\u670d\u52a1\uff0c\u63a8\u52a8\u5408\u4f5c\u4e0e\u76f8\u4e92\u7406\u89e3\u3002<\/p>\t\t\t\t\t\t\t\t<\/div>\n\t\t\t\t<\/div>\n\t\t\t\t<\/div>\n\t\t<div class=\"elementor-element elementor-element-0fb0276 e-con-full e-flex e-con e-child\" data-id=\"0fb0276\" data-element_type=\"container\">\n\t\t\t\t<div class=\"elementor-element elementor-element-c3a490d elementor-widget elementor-widget-heading\" data-id=\"c3a490d\" data-element_type=\"widget\" data-widget_type=\"heading.default\">\n\t\t\t\t<div class=\"elementor-widget-container\">\n\t\t\t\t\t<h4 class=\"elementor-heading-title elementor-size-default\">\u613f\u666f<\/h4>\t\t\t\t<\/div>\n\t\t\t\t<\/div>\n\t\t\t\t<div class=\"elementor-element elementor-element-e5a168a elementor-widget elementor-widget-text-editor\" data-id=\"e5a168a\" data-element_type=\"widget\" data-widget_type=\"text-editor.default\">\n\t\t\t\t<div class=\"elementor-widget-container\">\n\t\t\t\t\t\t\t\t\t\u6210\u4e3a\u4e2d\u62c9\u5546\u4e1a\u548c\u6587\u5316\u5173\u7cfb\u7684\u4e3b\u8981\u4fc3\u8fdb\u8005\uff0c\u4ee5\u5353\u8d8a\u7684\u5ba2\u6237\u670d\u52a1\u3001\u5bf9\u4e24\u5730\u5e02\u573a\u7684\u6df1\u523b\u7406\u89e3\u4ee5\u53ca\u4e3a\u5ba2\u6237\u5e26\u6765\u5207\u5b9e\u6210\u679c\u7684\u80fd\u529b\u800c\u95fb\u540d\u3002\t\t\t\t\t\t\t\t<\/div>\n\t\t\t\t<\/div>\n\t\t\t\t<\/div>\n\t\t\t\t<\/div>\n\t\t\t\t\t<\/div>\n\t\t\t\t<\/div>\n\t\t<div class=\"elementor-element elementor-element-b889185 e-flex e-con-boxed e-con e-parent\" data-id=\"b889185\" data-element_type=\"container\" data-settings=\"{&quot;background_background&quot;:&quot;classic&quot;}\">\n\t\t\t\t\t<div class=\"e-con-inner\">\n\t\t\t\t\t<\/div>\n\t\t\t\t<\/div>\n\t\t\t\t<\/div>","protected":false},"excerpt":{"rendered":"<p>Experiencia y profesionalismo Conf\u00eda en Gira Latina Somos una empresa especializada en la organizaci\u00f3n y gesti\u00f3n de viajes de negocios enfocados en el intercambio cultural y la b\u00fasqueda de oportunidades entre China y Latinoam\u00e9rica. Fundada con la visi\u00f3n de promover una mayor colaboraci\u00f3n y entendimiento entre estas dos regiones geogr\u00e1ficas y culturales, Gira Latina se [&hellip;]<\/p>","protected":false},"author":1,"featured_media":0,"parent":0,"menu_order":0,"comment_status":"closed","ping_status":"closed","template":"","meta":{"footnotes":""},"class_list":["post-139","page","type-page","status-publish","hentry"],"_links":{"self":[{"href":"https:\/\/www.giralatina.com\/zh\/wp-json\/wp\/v2\/pages\/139","targetHints":{"allow":["GET"]}}],"collection":[{"href":"https:\/\/www.giralatina.com\/zh\/wp-json\/wp\/v2\/pages"}],"about":[{"href":"https:\/\/www.giralatina.com\/zh\/wp-json\/wp\/v2\/types\/page"}],"author":[{"embeddable":true,"href":"https:\/\/www.giralatina.com\/zh\/wp-json\/wp\/v2\/users\/1"}],"replies":[{"embeddable":true,"href":"https:\/\/www.giralatina.com\/zh\/wp-json\/wp\/v2\/comments?post=139"}],"version-history":[{"count":0,"href":"https:\/\/www.giralatina.com\/zh\/wp-json\/wp\/v2\/pages\/139\/revisions"}],"wp:attachment":[{"href":"https:\/\/www.giralatina.com\/zh\/wp-json\/wp\/v2\/media?parent=139"}],"curies":[{"name":"wp","href":"https:\/\/api.w.org\/{rel}","templated":true}]}}